{"id":20087,"date":"2024-12-21T21:51:06","date_gmt":"2024-12-21T20:51:06","guid":{"rendered":"https:\/\/yogakitchen.be\/fr\/?post_type=product&#038;p=20087"},"modified":"2025-10-09T14:32:43","modified_gmt":"2025-10-09T12:32:43","slug":"carafe-de-rincage-nasal","status":"publish","type":"product","link":"https:\/\/yogakitchen.be\/fr\/produit\/carafe-de-rincage-nasal\/","title":{"rendered":"Carafe de rin\u00e7age nasal"},"content":{"rendered":"<h1>Carafe de rin\u00e7age nasal en porcelaine<\/h1>\n<p>Ce pot de rin\u00e7age nasal Neti en porcelaine blanche provient de la marque allemande <strong>Ganzheitlich Leben.<\/strong>.<br \/>\nUne carafe de rin\u00e7age nasal est un moyen naturel de garder vos narines propres, libres et ouvertes.<br \/>\nLe rin\u00e7age quotidien des narines est tr\u00e8s facile avec cette carafe de rin\u00e7age nasal.<\/p>\n","protected":false},"excerpt":{"rendered":"<p>Carafe de rin\u00e7age nasal Neti en porcelaine blanche<\/p>\n","protected":false},"featured_media":20077,"comment_status":"closed","ping_status":"closed","template":"","meta":[],"product_brand":[],"product_cat":[195],"product_tag":[197,187,196,198],"class_list":{"0":"post-20087","1":"product","2":"type-product","3":"status-publish","4":"has-post-thumbnail","6":"product_cat-divers","7":"product_tag-neti","8":"product_tag-relaxation","9":"product_tag-respiration","10":"product_tag-rincage-nasal","12":"first","13":"instock","14":"taxable","15":"shipping-taxable","16":"purchasable","17":"product-type-simple"},"_links":{"self":[{"href":"https:\/\/yogakitchen.be\/fr\/wp-json\/wp\/v2\/product\/20087","targetHints":{"allow":["GET"]}}],"collection":[{"href":"https:\/\/yogakitchen.be\/fr\/wp-json\/wp\/v2\/product"}],"about":[{"href":"https:\/\/yogakitchen.be\/fr\/wp-json\/wp\/v2\/types\/product"}],"replies":[{"embeddable":true,"href":"https:\/\/yogakitchen.be\/fr\/wp-json\/wp\/v2\/comments?post=20087"}],"wp:featuredmedia":[{"embeddable":true,"href":"https:\/\/yogakitchen.be\/fr\/wp-json\/wp\/v2\/media\/20077"}],"wp:attachment":[{"href":"https:\/\/yogakitchen.be\/fr\/wp-json\/wp\/v2\/media?parent=20087"}],"wp:term":[{"taxonomy":"product_brand","embeddable":true,"href":"https:\/\/yogakitchen.be\/fr\/wp-json\/wp\/v2\/product_brand?post=20087"},{"taxonomy":"product_cat","embeddable":true,"href":"https:\/\/yogakitchen.be\/fr\/wp-json\/wp\/v2\/product_cat?post=20087"},{"taxonomy":"product_tag","embeddable":true,"href":"https:\/\/yogakitchen.be\/fr\/wp-json\/wp\/v2\/product_tag?post=20087"}],"curies":[{"name":"wp","href":"https:\/\/api.w.org\/{rel}","templated":true}]}}