{"id":20140,"date":"2025-01-20T13:06:08","date_gmt":"2025-01-20T12:06:08","guid":{"rendered":"https:\/\/yogakitchen.be\/fr\/?post_type=product&#038;p=20140"},"modified":"2025-01-20T13:28:36","modified_gmt":"2025-01-20T12:28:36","slug":"mise-a-niveau-carte-5","status":"publish","type":"product","link":"https:\/\/yogakitchen.be\/fr\/produit\/mise-a-niveau-carte-5\/","title":{"rendered":"Mise \u00e0 niveau 60>90 Carte 5 cours"},"content":{"rendered":"<h1>Mise \u00e0 niveau pour carte 5 cours<\/h1>\n<p>Gr\u00e2ce \u00e0 ce suppl\u00e9ment, vous pourrez participer \u00e0 un cours singulier en pr\u00e9sentiel ou en ligne de 90 minutes avec votre carte pour 5 cours de 60 minutes.<br \/>\nLe Pass Yoga est <strong>valable 4 mois \u00e0 compter de la date d&rsquo;achat.<\/strong><br \/>\nVeuillez r\u00e9server vos cours \u00e0 temps.<\/p>\n<p>Veuillez \u00eatre pr\u00e9sent \u00e0 temps lorsque votre cours de yoga commence, et profitez de l&rsquo;exp\u00e9rience !<\/p>\n","protected":false},"excerpt":{"rendered":"<p>Mise \u00e0 niveau 60 > 90 pour carte 5 cours<\/p>\n","protected":false},"featured_media":20141,"comment_status":"closed","ping_status":"closed","template":"","meta":[],"product_brand":[],"product_cat":[101],"product_tag":[],"class_list":{"0":"post-20140","1":"product","2":"type-product","3":"status-publish","4":"has-post-thumbnail","6":"product_cat-cours-de-yoga","8":"first","9":"instock","10":"virtual","11":"taxable","12":"purchasable","13":"product-type-simple"},"_links":{"self":[{"href":"https:\/\/yogakitchen.be\/fr\/wp-json\/wp\/v2\/product\/20140","targetHints":{"allow":["GET"]}}],"collection":[{"href":"https:\/\/yogakitchen.be\/fr\/wp-json\/wp\/v2\/product"}],"about":[{"href":"https:\/\/yogakitchen.be\/fr\/wp-json\/wp\/v2\/types\/product"}],"replies":[{"embeddable":true,"href":"https:\/\/yogakitchen.be\/fr\/wp-json\/wp\/v2\/comments?post=20140"}],"wp:featuredmedia":[{"embeddable":true,"href":"https:\/\/yogakitchen.be\/fr\/wp-json\/wp\/v2\/media\/20141"}],"wp:attachment":[{"href":"https:\/\/yogakitchen.be\/fr\/wp-json\/wp\/v2\/media?parent=20140"}],"wp:term":[{"taxonomy":"product_brand","embeddable":true,"href":"https:\/\/yogakitchen.be\/fr\/wp-json\/wp\/v2\/product_brand?post=20140"},{"taxonomy":"product_cat","embeddable":true,"href":"https:\/\/yogakitchen.be\/fr\/wp-json\/wp\/v2\/product_cat?post=20140"},{"taxonomy":"product_tag","embeddable":true,"href":"https:\/\/yogakitchen.be\/fr\/wp-json\/wp\/v2\/product_tag?post=20140"}],"curies":[{"name":"wp","href":"https:\/\/api.w.org\/{rel}","templated":true}]}}