{"id":20172,"date":"2025-03-04T12:23:13","date_gmt":"2025-03-04T11:23:13","guid":{"rendered":"https:\/\/yogakitchen.be\/fr\/?post_type=product&#038;p=20172"},"modified":"2025-03-04T12:29:14","modified_gmt":"2025-03-04T11:29:14","slug":"modification-date-atelier","status":"publish","type":"product","link":"https:\/\/yogakitchen.be\/fr\/produit\/modification-date-atelier\/","title":{"rendered":"Modification date atelier"},"content":{"rendered":"<h1>Modification de la date de votre atelier<\/h1>\n<p>Gr\u00e2ce \u00e0 ce paiement suppl\u00e9mentaire, vous pouvez modifier une seule fois la date de votre r\u00e9servation d&rsquo;atelier en pr\u00e9sentiel ou en ligne.<br \/>\n<strong>La modification de la date d&rsquo;une r\u00e9servation pay\u00e9e n&rsquo;est possible qu&rsquo;une seule fois.<\/strong><\/p>\n<p>Apr\u00e8s avoir pay\u00e9 le changement de date, votre bon sera valable pour la nouvelle date et vous recevrez une confirmation par e-mail.<\/p>\n","protected":false},"excerpt":{"rendered":"<p>Modification de date pour atelier<\/p>\n","protected":false},"featured_media":20173,"comment_status":"closed","ping_status":"closed","template":"","meta":[],"product_brand":[],"product_cat":[109],"product_tag":[],"class_list":{"0":"post-20172","1":"product","2":"type-product","3":"status-publish","4":"has-post-thumbnail","6":"product_cat-ateliers","8":"first","9":"instock","10":"virtual","11":"taxable","12":"purchasable","13":"product-type-simple"},"_links":{"self":[{"href":"https:\/\/yogakitchen.be\/fr\/wp-json\/wp\/v2\/product\/20172","targetHints":{"allow":["GET"]}}],"collection":[{"href":"https:\/\/yogakitchen.be\/fr\/wp-json\/wp\/v2\/product"}],"about":[{"href":"https:\/\/yogakitchen.be\/fr\/wp-json\/wp\/v2\/types\/product"}],"replies":[{"embeddable":true,"href":"https:\/\/yogakitchen.be\/fr\/wp-json\/wp\/v2\/comments?post=20172"}],"wp:featuredmedia":[{"embeddable":true,"href":"https:\/\/yogakitchen.be\/fr\/wp-json\/wp\/v2\/media\/20173"}],"wp:attachment":[{"href":"https:\/\/yogakitchen.be\/fr\/wp-json\/wp\/v2\/media?parent=20172"}],"wp:term":[{"taxonomy":"product_brand","embeddable":true,"href":"https:\/\/yogakitchen.be\/fr\/wp-json\/wp\/v2\/product_brand?post=20172"},{"taxonomy":"product_cat","embeddable":true,"href":"https:\/\/yogakitchen.be\/fr\/wp-json\/wp\/v2\/product_cat?post=20172"},{"taxonomy":"product_tag","embeddable":true,"href":"https:\/\/yogakitchen.be\/fr\/wp-json\/wp\/v2\/product_tag?post=20172"}],"curies":[{"name":"wp","href":"https:\/\/api.w.org\/{rel}","templated":true}]}}