{"id":20276,"date":"2025-06-06T23:22:42","date_gmt":"2025-06-06T21:22:42","guid":{"rendered":"https:\/\/yogakitchen.be\/fr\/?post_type=product&#038;p=20276"},"modified":"2025-06-06T23:56:23","modified_gmt":"2025-06-06T21:56:23","slug":"sangle-de-yoga-bordeaux","status":"publish","type":"product","link":"https:\/\/yogakitchen.be\/fr\/produit\/sangle-de-yoga-bordeaux\/","title":{"rendered":"Sangle de yoga bordeaux"},"content":{"rendered":"<h1>Sangle de yoga<\/h1>\n<p>Cette sangle de yoga solide et large est de la marque Yogamatters.<br \/>\nUne sangle de yoga est un accessoire indispensable pour la pratique du yoga.<br \/>\nCe mod\u00e8le en coton bio est particuli\u00e8rement r\u00e9sistant, avec une large boucle m\u00e9tallique et une bonne longueur.<\/p>\n","protected":false},"excerpt":{"rendered":"<p>Sangle de yoga en coton bio bordeaux<\/p>\n","protected":false},"featured_media":20277,"comment_status":"closed","ping_status":"closed","template":"","meta":[],"product_brand":[],"product_cat":[205],"product_tag":[208,207,206],"class_list":{"0":"post-20276","1":"product","2":"type-product","3":"status-publish","4":"has-post-thumbnail","6":"product_cat-sangle-de-yoga","7":"product_tag-sangle","8":"product_tag-sangle-de-yoga","9":"product_tag-yoga","11":"first","12":"instock","13":"taxable","14":"shipping-taxable","15":"purchasable","16":"product-type-simple"},"_links":{"self":[{"href":"https:\/\/yogakitchen.be\/fr\/wp-json\/wp\/v2\/product\/20276","targetHints":{"allow":["GET"]}}],"collection":[{"href":"https:\/\/yogakitchen.be\/fr\/wp-json\/wp\/v2\/product"}],"about":[{"href":"https:\/\/yogakitchen.be\/fr\/wp-json\/wp\/v2\/types\/product"}],"replies":[{"embeddable":true,"href":"https:\/\/yogakitchen.be\/fr\/wp-json\/wp\/v2\/comments?post=20276"}],"wp:featuredmedia":[{"embeddable":true,"href":"https:\/\/yogakitchen.be\/fr\/wp-json\/wp\/v2\/media\/20277"}],"wp:attachment":[{"href":"https:\/\/yogakitchen.be\/fr\/wp-json\/wp\/v2\/media?parent=20276"}],"wp:term":[{"taxonomy":"product_brand","embeddable":true,"href":"https:\/\/yogakitchen.be\/fr\/wp-json\/wp\/v2\/product_brand?post=20276"},{"taxonomy":"product_cat","embeddable":true,"href":"https:\/\/yogakitchen.be\/fr\/wp-json\/wp\/v2\/product_cat?post=20276"},{"taxonomy":"product_tag","embeddable":true,"href":"https:\/\/yogakitchen.be\/fr\/wp-json\/wp\/v2\/product_tag?post=20276"}],"curies":[{"name":"wp","href":"https:\/\/api.w.org\/{rel}","templated":true}]}}