{"id":20281,"date":"2025-06-08T15:18:43","date_gmt":"2025-06-08T13:18:43","guid":{"rendered":"https:\/\/yogakitchen.be\/fr\/?post_type=product&#038;p=20281"},"modified":"2025-06-08T15:48:00","modified_gmt":"2025-06-08T13:48:00","slug":"pass-ete-yoga-13-x-60-minutes-en-ligne","status":"publish","type":"product","link":"https:\/\/yogakitchen.be\/fr\/produit\/pass-ete-yoga-13-x-60-minutes-en-ligne\/","title":{"rendered":"Pass \u00e9t\u00e9 Yoga 13 x 60 minutes en ligne"},"content":{"rendered":"<h1>Treize cours de yoga en ligne pendant la p\u00e9riode estivale.<\/h1>\n<p>Ce pass \u00e9t\u00e9 avantageux vous donne droit \u00e0 <strong>13 cours de 60 minutes en direct en ligne via Zoom<\/strong> donn\u00e9s par Yoga Kitchen Bruxelles.<br \/>\nCe pass estival est valable du 15 juin au 15 septembre inclus, pour tous les cours en ligne de 60 minutes \u00e0 tous moments de la semaine.<br \/>\nNous vous invitons \u00e0 r\u00e9server \u00e0 l&rsquo;avance pour les dates de votre choix.<\/p>\n<p>Veuillez \u00eatre pr\u00e9sent \u00e0 l&rsquo;heure pour le d\u00e9but de votre cours de yoga et profitez pleinement de l&rsquo;exp\u00e9rience.<\/p>\n","protected":false},"excerpt":{"rendered":"<p>Pass \u00e9t\u00e9 yoga 13 x 60 minutes en ligne<\/p>\n","protected":false},"featured_media":20284,"comment_status":"closed","ping_status":"closed","template":"","meta":[],"product_brand":[],"product_cat":[101],"product_tag":[210,209,206],"class_list":{"0":"post-20281","1":"product","2":"type-product","3":"status-publish","4":"has-post-thumbnail","6":"product_cat-cours-de-yoga","7":"product_tag-cours-de-yoga","8":"product_tag-pass-yoga-ete","9":"product_tag-yoga","11":"first","12":"instock","13":"virtual","14":"taxable","15":"purchasable","16":"product-type-simple"},"_links":{"self":[{"href":"https:\/\/yogakitchen.be\/fr\/wp-json\/wp\/v2\/product\/20281","targetHints":{"allow":["GET"]}}],"collection":[{"href":"https:\/\/yogakitchen.be\/fr\/wp-json\/wp\/v2\/product"}],"about":[{"href":"https:\/\/yogakitchen.be\/fr\/wp-json\/wp\/v2\/types\/product"}],"replies":[{"embeddable":true,"href":"https:\/\/yogakitchen.be\/fr\/wp-json\/wp\/v2\/comments?post=20281"}],"wp:featuredmedia":[{"embeddable":true,"href":"https:\/\/yogakitchen.be\/fr\/wp-json\/wp\/v2\/media\/20284"}],"wp:attachment":[{"href":"https:\/\/yogakitchen.be\/fr\/wp-json\/wp\/v2\/media?parent=20281"}],"wp:term":[{"taxonomy":"product_brand","embeddable":true,"href":"https:\/\/yogakitchen.be\/fr\/wp-json\/wp\/v2\/product_brand?post=20281"},{"taxonomy":"product_cat","embeddable":true,"href":"https:\/\/yogakitchen.be\/fr\/wp-json\/wp\/v2\/product_cat?post=20281"},{"taxonomy":"product_tag","embeddable":true,"href":"https:\/\/yogakitchen.be\/fr\/wp-json\/wp\/v2\/product_tag?post=20281"}],"curies":[{"name":"wp","href":"https:\/\/api.w.org\/{rel}","templated":true}]}}