{"id":20321,"date":"2025-06-30T10:01:28","date_gmt":"2025-06-30T08:01:28","guid":{"rendered":"https:\/\/yogakitchen.be\/fr\/?post_type=product&#038;p=20321"},"modified":"2025-06-30T17:22:02","modified_gmt":"2025-06-30T15:22:02","slug":"pass-invite-yoga-singulier-90-minutes","status":"publish","type":"product","link":"https:\/\/yogakitchen.be\/fr\/produit\/pass-invite-yoga-singulier-90-minutes\/","title":{"rendered":"Pass invit\u00e9 yoga singulier 90 minutes"},"content":{"rendered":"<h1>Vous \u00eates notre invit\u00e9.e !<\/h1>\n<p>Profitez de tous les avantages d&rsquo;un v\u00e9ritable cours de yoga en pr\u00e9sentiel.<br \/>\nCe bon vous donne droit \u00e0 un cours de 90 minutes en pr\u00e9sentiel en tant qu&rsquo;invit\u00e9.e chez Yoga Kitchen Bruxelles.<br \/>\nVeuillez vous pr\u00e9senter \u00e0 l&rsquo;heure pour le d\u00e9but de votre cours de yoga et profitez de l&rsquo;exp\u00e9rience !<\/p>\n","protected":false},"excerpt":{"rendered":"<p>1 x pass invit\u00e9 90 minutes en pr\u00e9sentiel<\/p>\n","protected":false},"featured_media":20323,"comment_status":"closed","ping_status":"closed","template":"","meta":[],"product_brand":[],"product_cat":[101],"product_tag":[210,211,206],"class_list":{"0":"post-20321","1":"product","2":"type-product","3":"status-publish","4":"has-post-thumbnail","6":"product_cat-cours-de-yoga","7":"product_tag-cours-de-yoga","8":"product_tag-pass-invite","9":"product_tag-yoga","11":"first","12":"instock","13":"virtual","14":"taxable","15":"purchasable","16":"product-type-simple"},"_links":{"self":[{"href":"https:\/\/yogakitchen.be\/fr\/wp-json\/wp\/v2\/product\/20321","targetHints":{"allow":["GET"]}}],"collection":[{"href":"https:\/\/yogakitchen.be\/fr\/wp-json\/wp\/v2\/product"}],"about":[{"href":"https:\/\/yogakitchen.be\/fr\/wp-json\/wp\/v2\/types\/product"}],"replies":[{"embeddable":true,"href":"https:\/\/yogakitchen.be\/fr\/wp-json\/wp\/v2\/comments?post=20321"}],"wp:featuredmedia":[{"embeddable":true,"href":"https:\/\/yogakitchen.be\/fr\/wp-json\/wp\/v2\/media\/20323"}],"wp:attachment":[{"href":"https:\/\/yogakitchen.be\/fr\/wp-json\/wp\/v2\/media?parent=20321"}],"wp:term":[{"taxonomy":"product_brand","embeddable":true,"href":"https:\/\/yogakitchen.be\/fr\/wp-json\/wp\/v2\/product_brand?post=20321"},{"taxonomy":"product_cat","embeddable":true,"href":"https:\/\/yogakitchen.be\/fr\/wp-json\/wp\/v2\/product_cat?post=20321"},{"taxonomy":"product_tag","embeddable":true,"href":"https:\/\/yogakitchen.be\/fr\/wp-json\/wp\/v2\/product_tag?post=20321"}],"curies":[{"name":"wp","href":"https:\/\/api.w.org\/{rel}","templated":true}]}}