{"id":20324,"date":"2025-06-30T10:12:19","date_gmt":"2025-06-30T08:12:19","guid":{"rendered":"https:\/\/yogakitchen.be\/fr\/?post_type=product&#038;p=20324"},"modified":"2025-06-30T13:26:27","modified_gmt":"2025-06-30T11:26:27","slug":"pass-invite-yoga-singulier-60-minutes","status":"publish","type":"product","link":"https:\/\/yogakitchen.be\/fr\/produit\/pass-invite-yoga-singulier-60-minutes\/","title":{"rendered":"Pass invit\u00e9 yoga singulier 60 minutes"},"content":{"rendered":"<h1>Vous \u00eates notre invit\u00e9.e !<\/h1>\n<p>Profitez de tous les avantages d&rsquo;un v\u00e9ritable cours de yoga en pr\u00e9sentiel.<br \/>\nCe bon vous donne droit \u00e0 un cours de 60 minutes en pr\u00e9sentiel en tant qu&rsquo;invit\u00e9 chez Yoga Kitchen Bruxelles.<br \/>\nVeuillez vous pr\u00e9senter \u00e0 l&rsquo;heure pour le d\u00e9but de votre cours de yoga et profitez de l&rsquo;exp\u00e9rience !<\/p>\n","protected":false},"excerpt":{"rendered":"<p>1 x pass invit\u00e9 60 minutes en pr\u00e9sentiel<\/p>\n","protected":false},"featured_media":20322,"comment_status":"closed","ping_status":"closed","template":"","meta":[],"product_brand":[],"product_cat":[101],"product_tag":[210,211,206],"class_list":{"0":"post-20324","1":"product","2":"type-product","3":"status-publish","4":"has-post-thumbnail","6":"product_cat-cours-de-yoga","7":"product_tag-cours-de-yoga","8":"product_tag-pass-invite","9":"product_tag-yoga","11":"first","12":"instock","13":"virtual","14":"taxable","15":"purchasable","16":"product-type-simple"},"_links":{"self":[{"href":"https:\/\/yogakitchen.be\/fr\/wp-json\/wp\/v2\/product\/20324","targetHints":{"allow":["GET"]}}],"collection":[{"href":"https:\/\/yogakitchen.be\/fr\/wp-json\/wp\/v2\/product"}],"about":[{"href":"https:\/\/yogakitchen.be\/fr\/wp-json\/wp\/v2\/types\/product"}],"replies":[{"embeddable":true,"href":"https:\/\/yogakitchen.be\/fr\/wp-json\/wp\/v2\/comments?post=20324"}],"wp:featuredmedia":[{"embeddable":true,"href":"https:\/\/yogakitchen.be\/fr\/wp-json\/wp\/v2\/media\/20322"}],"wp:attachment":[{"href":"https:\/\/yogakitchen.be\/fr\/wp-json\/wp\/v2\/media?parent=20324"}],"wp:term":[{"taxonomy":"product_brand","embeddable":true,"href":"https:\/\/yogakitchen.be\/fr\/wp-json\/wp\/v2\/product_brand?post=20324"},{"taxonomy":"product_cat","embeddable":true,"href":"https:\/\/yogakitchen.be\/fr\/wp-json\/wp\/v2\/product_cat?post=20324"},{"taxonomy":"product_tag","embeddable":true,"href":"https:\/\/yogakitchen.be\/fr\/wp-json\/wp\/v2\/product_tag?post=20324"}],"curies":[{"name":"wp","href":"https:\/\/api.w.org\/{rel}","templated":true}]}}