{"id":20376,"date":"2025-09-02T21:46:35","date_gmt":"2025-09-02T19:46:35","guid":{"rendered":"https:\/\/yogakitchen.be\/fr\/?post_type=product&#038;p=20376"},"modified":"2025-09-02T21:52:53","modified_gmt":"2025-09-02T19:52:53","slug":"cours-essai-yoga-90-minutes","status":"publish","type":"product","link":"https:\/\/yogakitchen.be\/fr\/produit\/cours-essai-yoga-90-minutes\/","title":{"rendered":"Cours d&rsquo;essai yoga 90 minutes"},"content":{"rendered":"<h1>Il s&rsquo;agit de votre tout premier cours !<\/h1>\n<p>Profitez de tous les avantages d&rsquo;un v\u00e9ritable cours de yoga en pr\u00e9sentiel.<br \/>\nCe bon vous donne droit \u00e0 <strong>un cours de 90 minutes en tant que nouveau participant<\/strong> chez Yoga Kitchen Brussels.<br \/>\nCONDITION : Vous n&rsquo;avez jamais suivi de cours ou d&rsquo;atelier chez Yoga Kitchen auparavant.<\/p>\n<p>Veuillez vous pr\u00e9senter \u00e0 l&rsquo;heure au d\u00e9but de votre cours de yoga et profitez pleinement de l&rsquo;exp\u00e9rience.<\/p>\n","protected":false},"excerpt":{"rendered":"<p>1 x cours d&rsquo;essai 90 minutes en pr\u00e9sentiel<\/p>\n","protected":false},"featured_media":20375,"comment_status":"closed","ping_status":"closed","template":"","meta":[],"product_brand":[],"product_cat":[101],"product_tag":[215,210,214,206],"class_list":{"0":"post-20376","1":"product","2":"type-product","3":"status-publish","4":"has-post-thumbnail","6":"product_cat-cours-de-yoga","7":"product_tag-215","8":"product_tag-cours-de-yoga","9":"product_tag-essai","10":"product_tag-yoga","12":"first","13":"instock","14":"virtual","15":"taxable","16":"purchasable","17":"product-type-simple"},"_links":{"self":[{"href":"https:\/\/yogakitchen.be\/fr\/wp-json\/wp\/v2\/product\/20376","targetHints":{"allow":["GET"]}}],"collection":[{"href":"https:\/\/yogakitchen.be\/fr\/wp-json\/wp\/v2\/product"}],"about":[{"href":"https:\/\/yogakitchen.be\/fr\/wp-json\/wp\/v2\/types\/product"}],"replies":[{"embeddable":true,"href":"https:\/\/yogakitchen.be\/fr\/wp-json\/wp\/v2\/comments?post=20376"}],"wp:featuredmedia":[{"embeddable":true,"href":"https:\/\/yogakitchen.be\/fr\/wp-json\/wp\/v2\/media\/20375"}],"wp:attachment":[{"href":"https:\/\/yogakitchen.be\/fr\/wp-json\/wp\/v2\/media?parent=20376"}],"wp:term":[{"taxonomy":"product_brand","embeddable":true,"href":"https:\/\/yogakitchen.be\/fr\/wp-json\/wp\/v2\/product_brand?post=20376"},{"taxonomy":"product_cat","embeddable":true,"href":"https:\/\/yogakitchen.be\/fr\/wp-json\/wp\/v2\/product_cat?post=20376"},{"taxonomy":"product_tag","embeddable":true,"href":"https:\/\/yogakitchen.be\/fr\/wp-json\/wp\/v2\/product_tag?post=20376"}],"curies":[{"name":"wp","href":"https:\/\/api.w.org\/{rel}","templated":true}]}}