{"id":20289,"date":"2021-12-09T15:14:39","date_gmt":"2021-12-09T14:14:39","guid":{"rendered":"https:\/\/yogakitchen.be\/nl\/?post_type=product&#038;p=20289"},"modified":"2025-01-01T16:02:47","modified_gmt":"2025-01-01T15:02:47","slug":"prive-yogales-enkel-60-minuten","status":"publish","type":"product","link":"https:\/\/yogakitchen.be\/nl\/product\/prive-yogales-enkel-60-minuten\/","title":{"rendered":"Priv\u00e9 yogales enkel 60 minuten"},"content":{"rendered":"<h1>Een individuele yogales op maat op basis van jouw behoeften.<\/h1>\n<p>Deze waardebon geeft recht op <strong>\u00e9\u00e9n priv\u00e9les van 60 minuten in aanwezigheid<\/strong> bij Yoga Kitchen Brussel.<br \/>\nNa aankoop, <strong>graag op tijd reserveren voor een datum naar keuze.<\/strong><\/p>\n<p>Gelieve op tijd aanwezig te zijn wanneer je individuele sessie begint, en geniet volop van de ervaring!<\/p>\n","protected":false},"excerpt":{"rendered":"<p>Priv\u00e9 individueel 60 minuten<\/p>\n","protected":false},"featured_media":22024,"comment_status":"closed","ping_status":"closed","template":"","meta":[],"product_brand":[],"product_cat":[95],"product_tag":[151,152],"class_list":{"0":"post-20289","1":"product","2":"type-product","3":"status-publish","4":"has-post-thumbnail","6":"product_cat-prive-coaching","7":"product_tag-coaching","8":"product_tag-prive","10":"first","11":"instock","12":"virtual","13":"taxable","14":"purchasable","15":"product-type-simple"},"_links":{"self":[{"href":"https:\/\/yogakitchen.be\/nl\/wp-json\/wp\/v2\/product\/20289","targetHints":{"allow":["GET"]}}],"collection":[{"href":"https:\/\/yogakitchen.be\/nl\/wp-json\/wp\/v2\/product"}],"about":[{"href":"https:\/\/yogakitchen.be\/nl\/wp-json\/wp\/v2\/types\/product"}],"replies":[{"embeddable":true,"href":"https:\/\/yogakitchen.be\/nl\/wp-json\/wp\/v2\/comments?post=20289"}],"wp:featuredmedia":[{"embeddable":true,"href":"https:\/\/yogakitchen.be\/nl\/wp-json\/wp\/v2\/media\/22024"}],"wp:attachment":[{"href":"https:\/\/yogakitchen.be\/nl\/wp-json\/wp\/v2\/media?parent=20289"}],"wp:term":[{"taxonomy":"product_brand","embeddable":true,"href":"https:\/\/yogakitchen.be\/nl\/wp-json\/wp\/v2\/product_brand?post=20289"},{"taxonomy":"product_cat","embeddable":true,"href":"https:\/\/yogakitchen.be\/nl\/wp-json\/wp\/v2\/product_cat?post=20289"},{"taxonomy":"product_tag","embeddable":true,"href":"https:\/\/yogakitchen.be\/nl\/wp-json\/wp\/v2\/product_tag?post=20289"}],"curies":[{"name":"wp","href":"https:\/\/api.w.org\/{rel}","templated":true}]}}