{"id":22028,"date":"2023-08-01T10:45:32","date_gmt":"2023-08-01T08:45:32","guid":{"rendered":"https:\/\/yogakitchen.be\/nl\/?post_type=product&#038;p=22028"},"modified":"2025-01-01T15:57:31","modified_gmt":"2025-01-01T14:57:31","slug":"prive-yogales-enkel-60-minuten-voor-2","status":"publish","type":"product","link":"https:\/\/yogakitchen.be\/nl\/product\/prive-yogales-enkel-60-minuten-voor-2\/","title":{"rendered":"Priv\u00e9 yogales enkel 60 minuten voor 2"},"content":{"rendered":"<h1>Een priv\u00e9-yogales voor twee personen op maat op basis van je behoeften.<\/h1>\n<p>Deze waardebon geeft recht op <strong>\u00e9\u00e9n priv\u00e9les van 60 minuten in aanwezigheid voor twee personen<\/strong> bij Yoga Kitchen Brussel.<br \/>\nNa aankoop, <strong>graag op tijd reserveren voor een beschikbare datum naar keuze.<\/strong><\/p>\n<p>Gelieve op tijd aanwezig te zijn wanneer jullie priv\u00e9 sessie voor twee begint, en geniet volop van de ervaring!<\/p>\n","protected":false},"excerpt":{"rendered":"<p>Priv\u00e9 voor twee 60 minuten<\/p>\n","protected":false},"featured_media":22023,"comment_status":"closed","ping_status":"closed","template":"","meta":[],"product_brand":[],"product_cat":[95],"product_tag":[151,152],"class_list":{"0":"post-22028","1":"product","2":"type-product","3":"status-publish","4":"has-post-thumbnail","6":"product_cat-prive-coaching","7":"product_tag-coaching","8":"product_tag-prive","10":"first","11":"instock","12":"virtual","13":"taxable","14":"purchasable","15":"product-type-simple"},"_links":{"self":[{"href":"https:\/\/yogakitchen.be\/nl\/wp-json\/wp\/v2\/product\/22028","targetHints":{"allow":["GET"]}}],"collection":[{"href":"https:\/\/yogakitchen.be\/nl\/wp-json\/wp\/v2\/product"}],"about":[{"href":"https:\/\/yogakitchen.be\/nl\/wp-json\/wp\/v2\/types\/product"}],"replies":[{"embeddable":true,"href":"https:\/\/yogakitchen.be\/nl\/wp-json\/wp\/v2\/comments?post=22028"}],"wp:featuredmedia":[{"embeddable":true,"href":"https:\/\/yogakitchen.be\/nl\/wp-json\/wp\/v2\/media\/22023"}],"wp:attachment":[{"href":"https:\/\/yogakitchen.be\/nl\/wp-json\/wp\/v2\/media?parent=22028"}],"wp:term":[{"taxonomy":"product_brand","embeddable":true,"href":"https:\/\/yogakitchen.be\/nl\/wp-json\/wp\/v2\/product_brand?post=22028"},{"taxonomy":"product_cat","embeddable":true,"href":"https:\/\/yogakitchen.be\/nl\/wp-json\/wp\/v2\/product_cat?post=22028"},{"taxonomy":"product_tag","embeddable":true,"href":"https:\/\/yogakitchen.be\/nl\/wp-json\/wp\/v2\/product_tag?post=22028"}],"curies":[{"name":"wp","href":"https:\/\/api.w.org\/{rel}","templated":true}]}}