{"id":22527,"date":"2024-01-22T13:09:38","date_gmt":"2024-01-22T12:09:38","guid":{"rendered":"https:\/\/yogakitchen.be\/nl\/?post_type=product&#038;p=22527"},"modified":"2024-12-23T16:01:20","modified_gmt":"2024-12-23T15:01:20","slug":"kookworkshop-gezond-vegan-prive","status":"publish","type":"product","link":"https:\/\/yogakitchen.be\/nl\/product\/kookworkshop-gezond-vegan-prive\/","title":{"rendered":"Kookworkshop Gezond Vegan Priv\u00e9"},"content":{"rendered":"<h1>Geniet van een <strong>priv\u00e9 kookworkshop<\/strong> van twee uur en investeer in je gezondheid.<\/h1>\n<p>Deze waardebon geeft recht op <strong>\u00e9\u00e9n priv\u00e9 kookworkshop Gezond Vegan van 150 minuten in aanwezigheid<\/strong> bij Yoga Kitchen Brussel.<br \/>\nNa aankoop, <strong>graag op tijd reserveren voor een datum naar keuze.<\/strong><\/p>\n","protected":false},"excerpt":{"rendered":"<p>1 x priv\u00e9 kookworkshop &#8220;Gezond Vegan&#8221;<\/p>\n","protected":false},"featured_media":22588,"comment_status":"closed","ping_status":"closed","template":"","meta":[],"product_brand":[],"product_cat":[97],"product_tag":[165,152,166],"class_list":{"0":"post-22527","1":"product","2":"type-product","3":"status-publish","4":"has-post-thumbnail","6":"product_cat-workshops","7":"product_tag-kookworkshop","8":"product_tag-prive","9":"product_tag-vegan","11":"first","12":"instock","13":"virtual","14":"taxable","15":"purchasable","16":"product-type-simple"},"_links":{"self":[{"href":"https:\/\/yogakitchen.be\/nl\/wp-json\/wp\/v2\/product\/22527","targetHints":{"allow":["GET"]}}],"collection":[{"href":"https:\/\/yogakitchen.be\/nl\/wp-json\/wp\/v2\/product"}],"about":[{"href":"https:\/\/yogakitchen.be\/nl\/wp-json\/wp\/v2\/types\/product"}],"replies":[{"embeddable":true,"href":"https:\/\/yogakitchen.be\/nl\/wp-json\/wp\/v2\/comments?post=22527"}],"wp:featuredmedia":[{"embeddable":true,"href":"https:\/\/yogakitchen.be\/nl\/wp-json\/wp\/v2\/media\/22588"}],"wp:attachment":[{"href":"https:\/\/yogakitchen.be\/nl\/wp-json\/wp\/v2\/media?parent=22527"}],"wp:term":[{"taxonomy":"product_brand","embeddable":true,"href":"https:\/\/yogakitchen.be\/nl\/wp-json\/wp\/v2\/product_brand?post=22527"},{"taxonomy":"product_cat","embeddable":true,"href":"https:\/\/yogakitchen.be\/nl\/wp-json\/wp\/v2\/product_cat?post=22527"},{"taxonomy":"product_tag","embeddable":true,"href":"https:\/\/yogakitchen.be\/nl\/wp-json\/wp\/v2\/product_tag?post=22527"}],"curies":[{"name":"wp","href":"https:\/\/api.w.org\/{rel}","templated":true}]}}